{"id":231,"date":"2023-08-04T20:15:56","date_gmt":"2023-08-04T20:15:56","guid":{"rendered":"https:\/\/geberung.com\/?page_id=231"},"modified":"2023-08-11T10:24:45","modified_gmt":"2023-08-11T10:24:45","slug":"karijera","status":"publish","type":"page","link":"https:\/\/geberung.com\/en\/karijera\/","title":{"rendered":"Career"},"content":{"rendered":"<p>[et_pb_section fb_built=&#8220;1&#8243; admin_label=&#8220;Collections&#8220; _builder_version=&#8220;4.21.2&#8243; min_height=&#8220;1024px&#8220; min_height_tablet=&#8220;1024px&#8220; min_height_phone=&#8220;1024px&#8220; min_height_last_edited=&#8220;on|phone&#8220; height=&#8220;100%&#8220; max_height=&#8220;100%&#8220; custom_margin=&#8220;0px||||false|false&#8220; custom_padding=&#8220;0px||3%||false|false&#8220; background_last_edited=&#8220;on|phone&#8220; background_image_phone=&#8220;https:\/\/geberung.com\/wp-content\/uploads\/2023\/08\/ezgif.com-optimize.gif&#8220; background_enable_image_phone=&#8220;on&#8220; background_enable_video_mp4_phone=&#8220;off&#8220; background_enable_video_webm_phone=&#8220;off&#8220; global_colors_info=&#8220;{}&#8220; background_enable_video_mp4=&#8220;off&#8220; title_text=&#8220;ezgif.com-optimize (1)&#8220; background_image=&#8220;https:\/\/geberung.com\/wp-content\/uploads\/2023\/08\/ezgif.com-optimize-1.gif&#8220;][et_pb_row column_structure=&#8220;1_2,1_2&#8243; module_class=&#8220;four-columns&#8220; _builder_version=&#8220;4.21.2&#8243; _module_preset=&#8220;default&#8220; width_tablet=&#8220;80%&#8220; width_phone=&#8220;95%&#8220; width_last_edited=&#8220;on|phone&#8220; max_width=&#8220;none&#8220; custom_css_main_element=&#8220;display: flex;&#8220; global_colors_info=&#8220;{}&#8220;][et_pb_column type=&#8220;1_2&#8243; _builder_version=&#8220;4.16&#8243; _module_preset=&#8220;default&#8220; global_colors_info=&#8220;{}&#8220;][et_pb_image src=&#8220;https:\/\/geberung.com\/wp-content\/uploads\/2023\/08\/Logo-beli-01-1-1.png&#8220; title_text=&#8220;Logo beli-01 (1) (1)&#8220; url=&#8220;@ET-DC@eyJkeW5hbWljIjp0cnVlLCJjb250ZW50IjoicG9zdF9saW5rX3VybF9wYWdlIiwic2V0dGluZ3MiOnsicG9zdF9pZCI6IjYifX0=@&#8220; _builder_version=&#8220;4.21.2&#8243; _dynamic_attributes=&#8220;url&#8220; _module_preset=&#8220;default&#8220; width=&#8220;33%&#8220; width_tablet=&#8220;&#8220; width_phone=&#8220;89%&#8220; width_last_edited=&#8220;on|phone&#8220; max_width=&#8220;100%&#8220; module_alignment=&#8220;left&#8220; global_colors_info=&#8220;{}&#8220;][\/et_pb_image][\/et_pb_column][et_pb_column type=&#8220;1_2&#8243; _builder_version=&#8220;4.16&#8243; _module_preset=&#8220;default&#8220; global_colors_info=&#8220;{}&#8220;][et_pb_text _builder_version=&#8220;4.21.2&#8243; _module_preset=&#8220;default&#8220; text_font_size=&#8220;23px&#8220; header_font=&#8220;Quicksand|700|||||||&#8220; header_text_color=&#8220;#FFFFFF&#8220; header_font_size=&#8220;35px&#8220; custom_margin=&#8220;10px||||false|false&#8220; custom_margin_tablet=&#8220;6px||||false|false&#8220; custom_margin_phone=&#8220;8px||||false|false&#8220; custom_margin_last_edited=&#8220;on|phone&#8220; custom_padding=&#8220;0px|0px|0px|0px|true|true&#8220; header_font_size_tablet=&#8220;&#8220; header_font_size_phone=&#8220;26px&#8220; header_font_size_last_edited=&#8220;on|phone&#8220; global_colors_info=&#8220;{}&#8220;]<\/p>\n<h1 style=\"text-align: right;\"><a href=\"https:\/\/geberung.com\/o-nama\/\">O nama<\/a> <a href=\"https:\/\/geberung.com\/blog\/\">Blog<\/a><\/h1>\n<p>[\/et_pb_text][\/et_pb_column][\/et_pb_row][et_pb_row _builder_version=&#8220;4.16&#8243; _module_preset=&#8220;default&#8220; width_tablet=&#8220;&#8220; width_phone=&#8220;95%&#8220; width_last_edited=&#8220;on|phone&#8220; max_width=&#8220;95%&#8220; custom_padding=&#8220;0px||||false|false&#8220; global_colors_info=&#8220;{}&#8220;][et_pb_column type=&#8220;4_4&#8243; _builder_version=&#8220;4.16&#8243; _module_preset=&#8220;default&#8220; global_colors_info=&#8220;{}&#8220;][et_pb_image src=&#8220;https:\/\/geberung.com\/wp-content\/uploads\/2023\/08\/iStock-1166044089-1-scaled-e1691180425291.jpg&#8220; title_text=&#8220;iStock-1166044089 (1)&#8220; _builder_version=&#8220;4.16&#8243; _module_preset=&#8220;default&#8220; global_colors_info=&#8220;{}&#8220;][\/et_pb_image][et_pb_text _builder_version=&#8220;4.16&#8243; _module_preset=&#8220;default&#8220; text_font=&#8220;Quicksand||||||||&#8220; text_text_color=&#8220;#FFFFFF&#8220; text_font_size=&#8220;21px&#8220; header_font=&#8220;Quicksand|600|||||||&#8220; header_text_color=&#8220;#FFFFFF&#8220; global_colors_info=&#8220;{}&#8220;]<\/p>\n<h1>Ljudski resursi<\/h1>\n<p>&nbsp;<\/p>\n<p><span style=\"font-weight: 400;\">Sektor ljudskih resursa<strong>, strate\u0161ki partner na\u0161eg poslovanja,<\/strong> budu\u0107i da vodi ra\u010duna o jednom od najva\u017enijih resursa svake kompanije \u2013 zaposlenima.\u00a0<\/span><\/p>\n<p><span style=\"font-weight: 400;\">Na\u0161e ideja zajedno rastemo, u\u017eivamo u svom poslu i inspiri\u0161emo jedni druge. Priklju\u010dite se i osetite razliku.<\/span><\/p>\n<p><span style=\"font-weight: 400;\">Ako i sami nemate ideju kako da po\u010dnete svoju karijeru, mi smo sjajan po\u010detak\u00a0<\/span><\/p>\n<p><span style=\"font-weight: 400;\">Ako ste bez iskustva, znanja, nudimo obuku u prijatnom okru\u017eenju sa profesionalcima.<\/span><\/p>\n<p><span style=\"font-weight: 400;\">Ako ste profesionalac, ovo je prilika da se doka\u017eete i iskoristite svoje ste\u010deno iskustvo i znanje.<\/span><\/p>\n<p style=\"text-align: left;\">\n<ul>\n<li style=\"list-style-type: none;\"><\/li>\n<\/ul>\n<p>[\/et_pb_text][et_pb_contact_form captcha=&#8220;off&#8220; email=&#8220;office@geberung.com&#8220; success_message=&#8220;Poslato&#8220; submit_button_text=&#8220;Po\u0161alji&#8220; _builder_version=&#8220;4.21.2&#8243; _module_preset=&#8220;default&#8220; _unique_id=&#8220;592e7c68-7874-4fa4-8846-3b1619757d47&#8243; form_field_background_color=&#8220;RGBA(255,255,255,0)&#8220; form_field_text_color=&#8220;#FFFFFF&#8220; form_field_focus_background_color=&#8220;rgba(0,0,0,0.55)&#8220; form_field_focus_text_color=&#8220;#FFFFFF&#8220; form_field_font=&#8220;Quicksand||||||||&#8220; form_field_font_size=&#8220;17px&#8220; custom_button=&#8220;on&#8220; button_text_size=&#8220;22px&#8220; button_text_color=&#8220;#ffffff&#8220; button_bg_color=&#8220;#115254&#8243; button_border_width=&#8220;0px&#8220; button_border_color=&#8220;#f9002b&#8220; button_border_radius=&#8220;8px&#8220; button_letter_spacing=&#8220;2px&#8220; button_font=&#8220;Quicksand|600|||||||&#8220; button_use_icon=&#8220;off&#8220; border_radii=&#8220;on|10px|10px|10px|10px&#8220; border_width_all=&#8220;1px&#8220; border_color_all=&#8220;#10b5a7&#8243; global_colors_info=&#8220;{}&#8220; button_text_color__hover=&#8220;#ffffff&#8220; button_text_color__hover_enabled=&#8220;on|hover&#8220; button_bg_color__hover=&#8220;#10b5a7&#8243; button_bg_color__hover_enabled=&#8220;on|hover&#8220; button_border_color__hover=&#8220;rgba(0,0,0,0)&#8220; button_border_color__hover_enabled=&#8220;on|hover&#8220;][et_pb_contact_field field_id=&#8220;Ime&#8220; field_title=&#8220;Ime&#8220; _builder_version=&#8220;4.21.2&#8243; global_colors_info=&#8220;{}&#8220; button_text_size__hover_enabled=&#8220;off&#8220; button_one_text_size__hover_enabled=&#8220;off&#8220; button_two_text_size__hover_enabled=&#8220;off&#8220; button_text_color__hover_enabled=&#8220;off&#8220; button_one_text_color__hover_enabled=&#8220;off&#8220; button_two_text_color__hover_enabled=&#8220;off&#8220; button_border_width__hover_enabled=&#8220;off&#8220; button_one_border_width__hover_enabled=&#8220;off&#8220; button_two_border_width__hover_enabled=&#8220;off&#8220; button_border_color__hover_enabled=&#8220;off&#8220; button_one_border_color__hover_enabled=&#8220;off&#8220; button_two_border_color__hover_enabled=&#8220;off&#8220; button_border_radius__hover_enabled=&#8220;off&#8220; button_one_border_radius__hover_enabled=&#8220;off&#8220; button_two_border_radius__hover_enabled=&#8220;off&#8220; button_letter_spacing__hover_enabled=&#8220;off&#8220; button_one_letter_spacing__hover_enabled=&#8220;off&#8220; button_two_letter_spacing__hover_enabled=&#8220;off&#8220; button_bg_color__hover_enabled=&#8220;off&#8220; button_one_bg_color__hover_enabled=&#8220;off&#8220; button_two_bg_color__hover_enabled=&#8220;off&#8220;][\/et_pb_contact_field][et_pb_contact_field field_id=&#8220;Email&#8220; field_title=&#8220;Email Adresa&#8220; field_type=&#8220;email&#8220; _builder_version=&#8220;4.21.2&#8243; global_colors_info=&#8220;{}&#8220; button_text_size__hover_enabled=&#8220;off&#8220; button_one_text_size__hover_enabled=&#8220;off&#8220; button_two_text_size__hover_enabled=&#8220;off&#8220; button_text_color__hover_enabled=&#8220;off&#8220; button_one_text_color__hover_enabled=&#8220;off&#8220; button_two_text_color__hover_enabled=&#8220;off&#8220; button_border_width__hover_enabled=&#8220;off&#8220; button_one_border_width__hover_enabled=&#8220;off&#8220; button_two_border_width__hover_enabled=&#8220;off&#8220; button_border_color__hover_enabled=&#8220;off&#8220; button_one_border_color__hover_enabled=&#8220;off&#8220; button_two_border_color__hover_enabled=&#8220;off&#8220; button_border_radius__hover_enabled=&#8220;off&#8220; button_one_border_radius__hover_enabled=&#8220;off&#8220; button_two_border_radius__hover_enabled=&#8220;off&#8220; button_letter_spacing__hover_enabled=&#8220;off&#8220; button_one_letter_spacing__hover_enabled=&#8220;off&#8220; button_two_letter_spacing__hover_enabled=&#8220;off&#8220; button_bg_color__hover_enabled=&#8220;off&#8220; button_one_bg_color__hover_enabled=&#8220;off&#8220; button_two_bg_color__hover_enabled=&#8220;off&#8220;][\/et_pb_contact_field][et_pb_contact_field field_id=&#8220;Field_4&#8243; field_title=&#8220;Po\u0161alji nam poruku&#8220; fullwidth_field=&#8220;on&#8220; _builder_version=&#8220;4.21.2&#8243; _module_preset=&#8220;default&#8220; global_colors_info=&#8220;{}&#8220;][\/et_pb_contact_field][\/et_pb_contact_form][\/et_pb_column][\/et_pb_row][\/et_pb_section]<\/p>\n","protected":false},"excerpt":{"rendered":"<p>O nama BlogLjudski resursi &nbsp; Sektor ljudskih resursa, strate\u0161ki partner na\u0161eg poslovanja, budu\u0107i da vodi ra\u010duna o jednom od najva\u017enijih resursa svake kompanije \u2013 zaposlenima.\u00a0 Na\u0161e ideja zajedno rastemo, u\u017eivamo u svom poslu i inspiri\u0161emo jedni druge. Priklju\u010dite se i osetite razliku. Ako i sami nemate ideju kako da po\u010dnete svoju karijeru, mi smo sjajan [&hellip;]<\/p>\n","protected":false},"author":1,"featured_media":0,"parent":0,"menu_order":0,"comment_status":"closed","ping_status":"closed","template":"","meta":{"_et_pb_use_builder":"on","_et_pb_old_content":"","_et_gb_content_width":"","footnotes":""},"class_list":["post-231","page","type-page","status-publish","hentry"],"yoast_head":"<!-- This site is optimized with the Yoast SEO plugin v27.4 - https:\/\/yoast.com\/product\/yoast-seo-wordpress\/ -->\n<title>Karijera - Geberung<\/title>\n<meta name=\"robots\" content=\"index, follow, max-snippet:-1, max-image-preview:large, max-video-preview:-1\" \/>\n<link rel=\"canonical\" href=\"https:\/\/geberung.com\/en\/karijera\/\" \/>\n<meta property=\"og:locale\" content=\"en_US\" \/>\n<meta property=\"og:type\" content=\"article\" \/>\n<meta property=\"og:title\" content=\"Karijera - Geberung\" \/>\n<meta property=\"og:description\" content=\"O nama BlogLjudski resursi &nbsp; Sektor ljudskih resursa, strate\u0161ki partner na\u0161eg poslovanja, budu\u0107i da vodi ra\u010duna o jednom od najva\u017enijih resursa svake kompanije \u2013 zaposlenima.\u00a0 Na\u0161e ideja zajedno rastemo, u\u017eivamo u svom poslu i inspiri\u0161emo jedni druge. Priklju\u010dite se i osetite razliku. Ako i sami nemate ideju kako da po\u010dnete svoju karijeru, mi smo sjajan [&hellip;]\" \/>\n<meta property=\"og:url\" content=\"https:\/\/geberung.com\/en\/karijera\/\" \/>\n<meta property=\"og:site_name\" content=\"Geberung\" \/>\n<meta property=\"article:modified_time\" content=\"2023-08-11T10:24:45+00:00\" \/>\n<meta name=\"twitter:card\" content=\"summary_large_image\" \/>\n<script type=\"application\/ld+json\" class=\"yoast-schema-graph\">{\"@context\":\"https:\\\/\\\/schema.org\",\"@graph\":[{\"@type\":\"WebPage\",\"@id\":\"https:\\\/\\\/geberung.com\\\/sr\\\/karijera\\\/\",\"url\":\"https:\\\/\\\/geberung.com\\\/sr\\\/karijera\\\/\",\"name\":\"Karijera - Geberung\",\"isPartOf\":{\"@id\":\"https:\\\/\\\/geberung.com\\\/#website\"},\"datePublished\":\"2023-08-04T20:15:56+00:00\",\"dateModified\":\"2023-08-11T10:24:45+00:00\",\"breadcrumb\":{\"@id\":\"https:\\\/\\\/geberung.com\\\/sr\\\/karijera\\\/#breadcrumb\"},\"inLanguage\":\"en-US\",\"potentialAction\":[{\"@type\":\"ReadAction\",\"target\":[\"https:\\\/\\\/geberung.com\\\/sr\\\/karijera\\\/\"]}]},{\"@type\":\"BreadcrumbList\",\"@id\":\"https:\\\/\\\/geberung.com\\\/sr\\\/karijera\\\/#breadcrumb\",\"itemListElement\":[{\"@type\":\"ListItem\",\"position\":1,\"name\":\"Home\",\"item\":\"https:\\\/\\\/geberung.com\\\/sr\\\/\"},{\"@type\":\"ListItem\",\"position\":2,\"name\":\"Karijera\"}]},{\"@type\":\"WebSite\",\"@id\":\"https:\\\/\\\/geberung.com\\\/#website\",\"url\":\"https:\\\/\\\/geberung.com\\\/\",\"name\":\"Geberung\",\"description\":\"Geberung \u0107e postatiti sinonim za izgradnju, monta\u017eu I inovacije. Svakako novo ime, novi po\u010detak, ali na izgra\u0111enim temeljima sa motivisanim ljudima, ime novih rezultata \u2013 Geberung, svakako.\",\"publisher\":{\"@id\":\"https:\\\/\\\/geberung.com\\\/#organization\"},\"potentialAction\":[{\"@type\":\"SearchAction\",\"target\":{\"@type\":\"EntryPoint\",\"urlTemplate\":\"https:\\\/\\\/geberung.com\\\/?s={search_term_string}\"},\"query-input\":{\"@type\":\"PropertyValueSpecification\",\"valueRequired\":true,\"valueName\":\"search_term_string\"}}],\"inLanguage\":\"en-US\"},{\"@type\":\"Organization\",\"@id\":\"https:\\\/\\\/geberung.com\\\/#organization\",\"name\":\"Geberung\",\"url\":\"https:\\\/\\\/geberung.com\\\/\",\"logo\":{\"@type\":\"ImageObject\",\"inLanguage\":\"en-US\",\"@id\":\"https:\\\/\\\/geberung.com\\\/#\\\/schema\\\/logo\\\/image\\\/\",\"url\":\"https:\\\/\\\/geberung.com\\\/wp-content\\\/uploads\\\/2023\\\/08\\\/logo37dfb0b8b288943a5303aab1b91b5cc5-removebg-preview-1.png\",\"contentUrl\":\"https:\\\/\\\/geberung.com\\\/wp-content\\\/uploads\\\/2023\\\/08\\\/logo37dfb0b8b288943a5303aab1b91b5cc5-removebg-preview-1.png\",\"width\":618,\"height\":157,\"caption\":\"Geberung\"},\"image\":{\"@id\":\"https:\\\/\\\/geberung.com\\\/#\\\/schema\\\/logo\\\/image\\\/\"}}]}<\/script>\n<!-- \/ Yoast SEO plugin. -->","yoast_head_json":{"title":"Karijera - Geberung","robots":{"index":"index","follow":"follow","max-snippet":"max-snippet:-1","max-image-preview":"max-image-preview:large","max-video-preview":"max-video-preview:-1"},"canonical":"https:\/\/geberung.com\/en\/karijera\/","og_locale":"en_US","og_type":"article","og_title":"Karijera - Geberung","og_description":"O nama BlogLjudski resursi &nbsp; Sektor ljudskih resursa, strate\u0161ki partner na\u0161eg poslovanja, budu\u0107i da vodi ra\u010duna o jednom od najva\u017enijih resursa svake kompanije \u2013 zaposlenima.\u00a0 Na\u0161e ideja zajedno rastemo, u\u017eivamo u svom poslu i inspiri\u0161emo jedni druge. Priklju\u010dite se i osetite razliku. Ako i sami nemate ideju kako da po\u010dnete svoju karijeru, mi smo sjajan [&hellip;]","og_url":"https:\/\/geberung.com\/en\/karijera\/","og_site_name":"Geberung","article_modified_time":"2023-08-11T10:24:45+00:00","twitter_card":"summary_large_image","schema":{"@context":"https:\/\/schema.org","@graph":[{"@type":"WebPage","@id":"https:\/\/geberung.com\/sr\/karijera\/","url":"https:\/\/geberung.com\/sr\/karijera\/","name":"Karijera - Geberung","isPartOf":{"@id":"https:\/\/geberung.com\/#website"},"datePublished":"2023-08-04T20:15:56+00:00","dateModified":"2023-08-11T10:24:45+00:00","breadcrumb":{"@id":"https:\/\/geberung.com\/sr\/karijera\/#breadcrumb"},"inLanguage":"en-US","potentialAction":[{"@type":"ReadAction","target":["https:\/\/geberung.com\/sr\/karijera\/"]}]},{"@type":"BreadcrumbList","@id":"https:\/\/geberung.com\/sr\/karijera\/#breadcrumb","itemListElement":[{"@type":"ListItem","position":1,"name":"Home","item":"https:\/\/geberung.com\/sr\/"},{"@type":"ListItem","position":2,"name":"Karijera"}]},{"@type":"WebSite","@id":"https:\/\/geberung.com\/#website","url":"https:\/\/geberung.com\/","name":"Geberung","description":"Geberung \u0107e postatiti sinonim za izgradnju, monta\u017eu I inovacije. Svakako novo ime, novi po\u010detak, ali na izgra\u0111enim temeljima sa motivisanim ljudima, ime novih rezultata \u2013 Geberung, svakako.","publisher":{"@id":"https:\/\/geberung.com\/#organization"},"potentialAction":[{"@type":"SearchAction","target":{"@type":"EntryPoint","urlTemplate":"https:\/\/geberung.com\/?s={search_term_string}"},"query-input":{"@type":"PropertyValueSpecification","valueRequired":true,"valueName":"search_term_string"}}],"inLanguage":"en-US"},{"@type":"Organization","@id":"https:\/\/geberung.com\/#organization","name":"Geberung","url":"https:\/\/geberung.com\/","logo":{"@type":"ImageObject","inLanguage":"en-US","@id":"https:\/\/geberung.com\/#\/schema\/logo\/image\/","url":"https:\/\/geberung.com\/wp-content\/uploads\/2023\/08\/logo37dfb0b8b288943a5303aab1b91b5cc5-removebg-preview-1.png","contentUrl":"https:\/\/geberung.com\/wp-content\/uploads\/2023\/08\/logo37dfb0b8b288943a5303aab1b91b5cc5-removebg-preview-1.png","width":618,"height":157,"caption":"Geberung"},"image":{"@id":"https:\/\/geberung.com\/#\/schema\/logo\/image\/"}}]}},"_links":{"self":[{"href":"https:\/\/geberung.com\/en\/wp-json\/wp\/v2\/pages\/231","targetHints":{"allow":["GET"]}}],"collection":[{"href":"https:\/\/geberung.com\/en\/wp-json\/wp\/v2\/pages"}],"about":[{"href":"https:\/\/geberung.com\/en\/wp-json\/wp\/v2\/types\/page"}],"author":[{"embeddable":true,"href":"https:\/\/geberung.com\/en\/wp-json\/wp\/v2\/users\/1"}],"replies":[{"embeddable":true,"href":"https:\/\/geberung.com\/en\/wp-json\/wp\/v2\/comments?post=231"}],"version-history":[{"count":23,"href":"https:\/\/geberung.com\/en\/wp-json\/wp\/v2\/pages\/231\/revisions"}],"predecessor-version":[{"id":748,"href":"https:\/\/geberung.com\/en\/wp-json\/wp\/v2\/pages\/231\/revisions\/748"}],"wp:attachment":[{"href":"https:\/\/geberung.com\/en\/wp-json\/wp\/v2\/media?parent=231"}],"curies":[{"name":"wp","href":"https:\/\/api.w.org\/{rel}","templated":true}]}}